{"id":10,"date":"2019-05-02T17:22:45","date_gmt":"2019-05-02T17:22:45","guid":{"rendered":"https:\/\/new.stayko.com\/wordpress\/?page_id=10"},"modified":"2020-04-15T13:30:40","modified_gmt":"2020-04-15T13:30:40","slug":"home-2","status":"publish","type":"page","link":"https:\/\/stayko.com\/de\/","title":{"rendered":"Home"},"content":{"rendered":"<p>[vc_row section_type=&#8220;fullwidth&#8220; padding_top_multiplier=&#8220;&#8220; padding_bottom_multiplier=&#8220;&#8220; columns_gap=&#8220;none&#8220; equal_column_height=&#8220;middle-content&#8220;][vc_column width=&#8220;1\/2&#8243; heading_color=&#8220;light&#8220; css=&#8220;.vc_custom_1584628497461{background-image: url(https:\/\/stayko.com\/de\/wp-content\/uploads\/2019\/05\/s_2.jpg?id=54) !important;background-position: center !important;background-repeat: no-repeat !important;background-size: cover !important;}&#8220; font_color=&#8220;#ffffff&#8220;]<div class=\"grve-empty-space grve-height-6x\" style=\"\"><\/div>[vc_column_text]<\/p>\n<h1 style=\"text-align: center;\">IT-L\u00d6SUNGEN<\/h1>\n<p>[\/vc_column_text]<div class=\"grve-empty-space grve-height-1x\" style=\"\"><\/div>[vc_column_text]<\/p>\n<p style=\"text-align: center;\">Infrastruktur, Sicherheit, Support<\/p>\n<p>[\/vc_column_text]<div class=\"grve-empty-space grve-height-1x\" style=\"\"><\/div><div class=\"grve-element grve-align-center\"><a href=\"\/de\/it-loesungen\" title=\"IT-L\u00f6sungen\" class=\"grve-btn grve-btn-medium grve-square grve-bg-white grve-bg-hover-white grve-btn-line\"><span>Mehr erfahren<\/span><\/a><\/div><div class=\"grve-empty-space grve-height-6x\" style=\"\"><\/div>[\/vc_column][vc_column width=&#8220;1\/2&#8243; heading_color=&#8220;light&#8220; css=&#8220;.vc_custom_1584628510567{background-image: url(https:\/\/stayko.com\/de\/wp-content\/uploads\/2019\/05\/s_1.jpg?id=53) !important;background-position: center !important;background-repeat: no-repeat !important;background-size: cover !important;}&#8220; font_color=&#8220;#ffffff&#8220;]<div class=\"grve-empty-space grve-height-6x\" style=\"\"><\/div>[vc_column_text]<\/p>\n<h1 style=\"text-align: center;\">BERATUNG<\/h1>\n<div id=\"gtx-trans\" style=\"position: absolute; left: 198px; top: 64.4375px;\">\n<div class=\"gtx-trans-icon\"><\/div>\n<\/div>\n<p>[\/vc_column_text]<div class=\"grve-empty-space grve-height-1x\" style=\"\"><\/div>[vc_column_text]<\/p>\n<p style=\"text-align: center;\">Innovative Gesch\u00e4ftsmodelle, Digitale Transformation, Datenschutz<\/p>\n<p>[\/vc_column_text]<div class=\"grve-empty-space grve-height-1x\" style=\"\"><\/div><div class=\"grve-element grve-align-center\"><a href=\"\/de\/beratung\/\" title=\"Beratung\" class=\"grve-btn grve-btn-medium grve-square grve-bg-white grve-bg-hover-white grve-btn-line\"><span>Mehr erfahren<\/span><\/a><\/div><div class=\"grve-empty-space grve-height-6x\" style=\"\"><\/div>[\/vc_column][\/vc_row][vc_row padding_top_multiplier=&#8220;2x&#8220; padding_bottom_multiplier=&#8220;2x&#8220;][vc_column width=&#8220;1\/6&#8243;][\/vc_column][vc_column width=&#8220;2\/3&#8243;][vc_column_text]<\/p>\n<h2 style=\"text-align: center;\">\u00dcber uns<\/h2>\n<p>[\/vc_column_text]<div class=\"grve-empty-space grve-height-1x\" style=\"\"><\/div><div class=\"grve-element grve-divider grve-align-center\" style=\"\"><span class=\"grve-custom-divider grve-bg-black\" style=\"width: 80px;height: 1px;\"><\/span><\/div><div class=\"grve-empty-space grve-height-1x\" style=\"\"><\/div>[vc_column_text]<\/p>\n<p style=\"text-align: center;\">Seit mehr als 12 Jahren entwickeln wir digitale Gesch\u00e4ftskonzepte, realisieren ma\u00dfgeschneiderte technische L\u00f6sungen und sind Ihr Partner zum Erfolg in der digitalen Transformation.<\/p>\n<p style=\"text-align: center;\">Unser Angebot aus Beratung, Entwicklungsleistungen und erprobten IT-L\u00f6sungen richtet sich speziell an KMU Kunden. Mit optimierten Gesch\u00e4ftsabl\u00e4ufen f\u00fchren wir Sie zu neuem Wachstum und sorgen f\u00fcr stabile und sichere Informationstechnik.<\/p>\n<p>[\/vc_column_text]<div class=\"grve-empty-space grve-height-1x\" style=\"\"><\/div>[\/vc_column][vc_column width=&#8220;1\/6&#8243;][\/vc_column][\/vc_row][vc_row bg_type=&#8220;color&#8220; padding_bottom_multiplier=&#8220;2x&#8220; separator_top=&#8220;triangle-separator&#8220; separator_top_size=&#8220;30px&#8220; bg_color=&#8220;#f7f7f7&#8243;][vc_column]<div class=\"grve-empty-space grve-height-1x\" style=\"\"><\/div>[vc_column_text]<\/p>\n<h2 style=\"text-align: center;\">Unsere Leistungen<\/h2>\n<p>[\/vc_column_text]<div class=\"grve-empty-space grve-height-1x\" style=\"\"><\/div><div class=\"grve-element grve-divider grve-align-center\" style=\"\"><span class=\"grve-custom-divider grve-bg-black\" style=\"width: 80px;height: 1px;\"><\/span><\/div><div class=\"grve-empty-space grve-height-2x\" style=\"\"><\/div>[vc_row_inner][vc_column_inner width=&#8220;1\/3&#8243;]<div class=\"grve-element grve-box-icon grve-medium grve-top-icon grve-align-center\" style=\"\"><div class=\"grve-wrapper-icon grve-no-shape\" style=\"\"><i class=\"grve-text-black fa fa-home\"><\/i><\/div><div class=\"grve-box-content\"><div class=\"grve-box-title-wrapper\"><h4 class=\"grve-box-title grve-h4\">Infrastruktur<\/h4><\/div>  <p class=\"\">Arbeitspl\u00e4tze, Netzwerk und Server,<br \/>\nTelefonie, CRM L\u00f6sungen<\/p><\/div><\/div>[\/vc_column_inner][vc_column_inner width=&#8220;1\/3&#8243;]<div class=\"grve-element grve-box-icon grve-medium grve-top-icon grve-align-center\" style=\"\"><div class=\"grve-wrapper-icon grve-no-shape\" style=\"\"><i class=\"grve-text-black fa fa-lock\"><\/i><\/div><div class=\"grve-box-content\"><div class=\"grve-box-title-wrapper\"><h4 class=\"grve-box-title grve-h4\">Sicherheit<\/h4><\/div>  <p class=\"\">Virenschutz, Netzwerksicherheit, Firewalls,<br \/>\nE-Mail Verschl\u00fcsselung, Datensicherheit<\/p><\/div><\/div>[\/vc_column_inner][vc_column_inner width=&#8220;1\/3&#8243;]<div class=\"grve-element grve-box-icon grve-medium grve-top-icon grve-align-center\" style=\"\"><div class=\"grve-wrapper-icon grve-no-shape\" style=\"\"><i class=\"grve-text-black fa fa-handshake-o\"><\/i><\/div><div class=\"grve-box-content\"><div class=\"grve-box-title-wrapper\"><h4 class=\"grve-box-title grve-h4\">Support<\/h4><\/div>  <p class=\"\">Laufende Wartung &amp; Support, Sofort Hilfe<br \/>\nDie Computerpile<\/p><\/div><\/div>[\/vc_column_inner][\/vc_row_inner]<div class=\"grve-empty-space grve-height-1x\" style=\"\"><\/div>[vc_row_inner][vc_column_inner width=&#8220;1\/3&#8243;]<div class=\"grve-element grve-box-icon grve-medium grve-top-icon grve-align-center\" style=\"\"><div class=\"grve-wrapper-icon grve-no-shape\" style=\"\"><i class=\"grve-text-black fa fa-rocket\"><\/i><\/div><div class=\"grve-box-content\"><div class=\"grve-box-title-wrapper\"><h4 class=\"grve-box-title grve-h4\">Innovative Gesch\u00e4ftsmodelle<\/h4><\/div>  <p class=\"\">Zukunftsorientierte L\u00f6sungen, Design Thinking, Gesch\u00e4ftsprozessmodellierung <\/p><\/div><\/div>[\/vc_column_inner][vc_column_inner width=&#8220;1\/3&#8243;]<div class=\"grve-element grve-box-icon grve-medium grve-top-icon grve-align-center\" style=\"\"><div class=\"grve-wrapper-icon grve-no-shape\" style=\"\"><i class=\"grve-text-black fa fa-globe\"><\/i><\/div><div class=\"grve-box-content\"><div class=\"grve-box-title-wrapper\"><h4 class=\"grve-box-title grve-h4\">Digitale Transformation<\/h4><\/div>  <p class=\"\">Technische Architektur, Umstieg auf Cloud<br \/>\nCRM L\u00f6sungen, Projektmanagement<\/p><\/div><\/div>[\/vc_column_inner][vc_column_inner width=&#8220;1\/3&#8243;]<div class=\"grve-element grve-box-icon grve-medium grve-top-icon grve-align-center\" style=\"\"><div class=\"grve-wrapper-icon grve-no-shape\" style=\"\"><i class=\"grve-text-black fa fa-lock\"><\/i><\/div><div class=\"grve-box-content\"><div class=\"grve-box-title-wrapper\"><h4 class=\"grve-box-title grve-h4\">Datenschutz<\/h4><\/div>  <p class=\"\">Externer Datenschutzbeauftragter nach DSGVO<\/p><\/div><\/div>[\/vc_column_inner][\/vc_row_inner][\/vc_column][\/vc_row][vc_row section_type=&#8220;fullwidth&#8220; separator_top=&#8220;triangle-separator&#8220; separator_top_size=&#8220;30px&#8220; separator_top_color=&#8220;#f7f7f7&#8243;][vc_column]<div class=\"grve-empty-space grve-height-1x\" style=\"\"><\/div>[vc_column_text]<\/p>\n<h2 style=\"text-align: center;\">Ausgew\u00e4hlte Referenzen<\/h2>\n<p>[\/vc_column_text]<div class=\"grve-empty-space grve-height-1x\" style=\"\"><\/div><div class=\"grve-element grve-align-center\"><a href=\"\/de\/referenzen\/\" title=\"Referenzen\" class=\"grve-btn grve-btn-medium grve-square grve-bg-black grve-bg-hover-black grve-btn-line\"><span>Mehr sehen<\/span><\/a><\/div><div class=\"grve-empty-space grve-height-2x\" style=\"\"><\/div>[\/vc_column][\/vc_row]<\/p>\n","protected":false},"excerpt":{"rendered":"<p>[vc_row section_type=&#8220;fullwidth&#8220; padding_top_multiplier=&#8220;&#8220; padding_bottom_multiplier=&#8220;&#8220; columns_gap=&#8220;none&#8220; equal_column_height=&#8220;middle-content&#8220;][vc_column width=&#8220;1\/2&#8243; heading_color=&#8220;light&#8220; css=&#8220;.vc_custom_1584628497461{background-image: url(https:\/\/stayko.com\/de\/wp-content\/uploads\/2019\/05\/s_2.jpg?id=54) !important;background-position: center !important;background-repeat: no-repeat !important;background-size: cover !important;}&#8220; font_color=&#8220;#ffffff&#8220;][vc_column_text] IT-L\u00d6SUNGEN [\/vc_column_text][vc_column_text] Infrastruktur, Sicherheit, Support [\/vc_column_text][\/vc_column][vc_column width=&#8220;1\/2&#8243; heading_color=&#8220;light&#8220; css=&#8220;.vc_custom_1584628510567{background-image: url(https:\/\/stayko.com\/de\/wp-content\/uploads\/2019\/05\/s_1.jpg?id=53) !important;background-position: center !important;background-repeat: no-repeat !important;background-size: cover !important;}&#8220; font_color=&#8220;#ffffff&#8220;][vc_column_text] BERATUNG [\/vc_column_text][vc_column_text] Innovative Gesch\u00e4ftsmodelle, Digitale Transformation, Datenschutz [\/vc_column_text][\/vc_column][\/vc_row][vc_row padding_top_multiplier=&#8220;2x&#8220; padding_bottom_multiplier=&#8220;2x&#8220;][vc_column width=&#8220;1\/6&#8243;][\/vc_column][vc_column width=&#8220;2\/3&#8243;][vc_column_text] \u00dcber uns [\/vc_column_text][vc_column_text] Seit mehr als 12 [&hellip;]<\/p>\n","protected":false},"author":2,"featured_media":0,"parent":0,"menu_order":0,"comment_status":"closed","ping_status":"closed","template":"","meta":{"footnotes":""},"_links":{"self":[{"href":"https:\/\/stayko.com\/de\/wp-json\/wp\/v2\/pages\/10"}],"collection":[{"href":"https:\/\/stayko.com\/de\/wp-json\/wp\/v2\/pages"}],"about":[{"href":"https:\/\/stayko.com\/de\/wp-json\/wp\/v2\/types\/page"}],"author":[{"embeddable":true,"href":"https:\/\/stayko.com\/de\/wp-json\/wp\/v2\/users\/2"}],"replies":[{"embeddable":true,"href":"https:\/\/stayko.com\/de\/wp-json\/wp\/v2\/comments?post=10"}],"version-history":[{"count":55,"href":"https:\/\/stayko.com\/de\/wp-json\/wp\/v2\/pages\/10\/revisions"}],"predecessor-version":[{"id":447,"href":"https:\/\/stayko.com\/de\/wp-json\/wp\/v2\/pages\/10\/revisions\/447"}],"wp:attachment":[{"href":"https:\/\/stayko.com\/de\/wp-json\/wp\/v2\/media?parent=10"}],"curies":[{"name":"wp","href":"https:\/\/api.w.org\/{rel}","templated":true}]}}